{"id":1613,"date":"2021-01-10T04:38:47","date_gmt":"2021-01-09T21:38:47","guid":{"rendered":"http:\/\/vdwf.org\/?page_id=1613"},"modified":"2021-01-11T15:58:35","modified_gmt":"2021-01-11T08:58:35","slug":"contact","status":"publish","type":"page","link":"https:\/\/vdwf.org\/en\/contact\/","title":{"rendered":"Contact"},"content":{"rendered":"\n<h2 class=\"wp-block-heading\">Contact address in Hanoi, Vietnam<\/h2>\n\n\n\n<p><strong>Trung t\u00e2m T\u01b0 v\u1ea5n Du h\u1ecdc VDWF<br \/><\/strong>c\/o: &nbsp;Cty TNHH C\u00f4ng ngh\u1ec7 v\u00e0 Th\u01b0\u01a1ng m\u1ea1i T.T.C.I<\/p>\n\n\n\n<ul class=\"wp-block-list\"><li>Headquarter: C\u1ee5m C\u00f4ng nghi\u1ec7p Ng\u1ecdc Li\u1ec7p \u2013 Qu\u1ed1c Oai \u2013 H\u00e0 N\u1ed9i<\/li><li>Transaction office: To\u00e0 nh\u00e0 17T5 Ho\u00e0ng \u0110\u1ea1o Thu\u00fd (P.204), Thanh Xu\u00e2n, H\u00e0 N\u1ed9i<\/li><li>Headquarter Phone numbers: <ul><li>Tel.1: +84 (0) 24.377 614 43<\/li><li>Tel.2: +84 (0) 24. 625 10149 <\/li><\/ul><\/li><li>Mobile, Zalo: <ul><li>Mob.1: +84 (0) 38 9186 413 (Mrs. H\u1eb1ng)<\/li><li>Mob.2: +84 (0) 94. 783 1626 (Mrs. Thi)<\/li><li>Zalo 1: +84 (0) 36 6060 553 (Mrs. Th\u00e0nh)<\/li><li>Zalo 2: +84 (0) 90 3431 211 <\/li><\/ul><\/li><\/ul>\n\n\n\t\t\t<div \n\t\t\tclass=\"wp-block-uagb-google-map uagb-google-map__wrap uagb-block-4dad89ab-5ac5-4403-95d8-955037385af3     \"\n\t\t\tstyle=\"\" >\n\t\t\t\t<embed\n\t\t\t\t\tclass=\"uagb-google-map__iframe\"\n\t\t\t\t\ttitle=\"Google Map for \"\n\t\t\t\t\tsrc=\"https:\/\/maps.google.com\/maps?q=17%20T5%20Ho%C3%A0ng%20%C4%90%E1%BA%A1o%20Th%C3%BAy%20Trung%20Ho%C3%A0%20Thanh%20Xu%C3%A2n%2C%20H%C3%A0%20N%E1%BB%99i%2C%20Vietnam&#038;z=16&#038;hl=en&#038;t=m&#038;output=embed&#038;iwloc=near\"\n\t\t\t\t\twidth=\"640\"\n\t\t\t\t\theight=\"300\"\n\t\t\t\t\tloading=\"lazy\"\n\t\t\t\t><\/embed>\n\t\t\t<\/div>\n\t\t\t\n\n\n<h2 class=\"wp-block-heading\">Contact address in Berlin, Germany<\/h2>\n\n\n\n<p>VDWF GmbH Berlin<br \/>Rennbahnstra\u00dfe 77<br \/>13086 Berlin<\/p>\n\n\n\n<p><strong>Office phone numbers:<\/strong><\/p>\n\n\n\n<ul class=\"wp-block-list\"><li>Tel: (+49.03) 92379650<\/li><li>Fax: (+49.03) 92379651<\/li><li>Mobil (Viber, Face Time) : +49 (0) 172 1545177 &nbsp;(managing director B\u00f9i Qu\u1ed1c Tu\u1ea5n)<\/li><\/ul>\n\n\n\n<p><strong>E-Mail:<\/strong><\/p>\n\n\n\n<ul class=\"wp-block-list\"><li>berlin@vdwf.org<\/li><\/ul>\n\n\n\t\t\t<div \n\t\t\tclass=\"wp-block-uagb-google-map uagb-google-map__wrap uagb-block-2e4b180f-732d-45b9-8232-001b4775675a     \"\n\t\t\tstyle=\"\" >\n\t\t\t\t<embed\n\t\t\t\t\tclass=\"uagb-google-map__iframe\"\n\t\t\t\t\ttitle=\"Google Map for \"\n\t\t\t\t\tsrc=\"https:\/\/maps.google.com\/maps?q=Rennbahnstra%C3%9Fe%2077%2013086%20Berlin&#038;z=14&#038;hl=en&#038;t=m&#038;output=embed&#038;iwloc=near\"\n\t\t\t\t\twidth=\"640\"\n\t\t\t\t\theight=\"300\"\n\t\t\t\t\tloading=\"lazy\"\n\t\t\t\t><\/embed>\n\t\t\t<\/div>\n\t\t\t\n\n\n<h2 class=\"wp-block-heading\">Write us<\/h2>\n\n\n\n<p>We will reply to you promptly.<\/p>\n\n\n\t\t\t\t<div class = \"wp-block-uagb-cf7-styler uagb-cf7-styler__outer-wrap uagb-block-d6fd58a1-7efa-4248-8754-bb2bb6f71496   \">\n\t\t\t\t\t<div class = \"uagb-cf7-styler__align-left uagb-cf7-styler__field-style-box uagb-cf7-styler__btn-align-left uagb-cf7-styler__btn-align-tablet- uagb-cf7-styler__btn-align-mobile- uagb-cf7-styler__highlight-style-default uagb-cf7-styler__check-style-enabled\">\n\t\t\t\t\t\n<div class=\"wpcf7 no-js\" id=\"wpcf7-f1626-o1\" lang=\"en-US\" dir=\"ltr\" data-wpcf7-id=\"1626\">\n<div class=\"screen-reader-response\"><p role=\"status\" aria-live=\"polite\" aria-atomic=\"true\"><\/p> <ul><\/ul><\/div>\n<form action=\"\/en\/wp-json\/wp\/v2\/pages\/1613#wpcf7-f1626-o1\" method=\"post\" class=\"wpcf7-form init\" aria-label=\"Contact form\" novalidate=\"novalidate\" data-status=\"init\">\n<fieldset class=\"hidden-fields-container\"><input type=\"hidden\" name=\"_wpcf7\" value=\"1626\" \/><input type=\"hidden\" name=\"_wpcf7_version\" value=\"6.1.5\" \/><input type=\"hidden\" name=\"_wpcf7_locale\" value=\"en_US\" \/><input type=\"hidden\" name=\"_wpcf7_unit_tag\" value=\"wpcf7-f1626-o1\" \/><input type=\"hidden\" name=\"_wpcf7_container_post\" value=\"0\" \/><input type=\"hidden\" name=\"_wpcf7_posted_data_hash\" value=\"\" \/>\n<\/fieldset>\n<p> Fullname (required)\n<\/p>\n<p><span class=\"wpcf7-form-control-wrap\" data-name=\"your-name\"><input size=\"40\" maxlength=\"400\" class=\"wpcf7-form-control wpcf7-text wpcf7-validates-as-required\" aria-required=\"true\" aria-invalid=\"false\" value=\"\" type=\"text\" name=\"your-name\" \/><\/span>\n<\/p>\n<p>E-Mail (required)\n<\/p>\n<p><span class=\"wpcf7-form-control-wrap\" data-name=\"your-email\"><input size=\"40\" maxlength=\"400\" class=\"wpcf7-form-control wpcf7-email wpcf7-validates-as-required wpcf7-text wpcf7-validates-as-email\" aria-required=\"true\" aria-invalid=\"false\" value=\"\" type=\"email\" name=\"your-email\" \/><\/span>\n<\/p>\n<p>Subject (required)\n<\/p>\n<p><span class=\"wpcf7-form-control-wrap\" data-name=\"your-subject\"><input size=\"40\" maxlength=\"400\" class=\"wpcf7-form-control wpcf7-text wpcf7-validates-as-required\" aria-required=\"true\" aria-invalid=\"false\" value=\"\" type=\"text\" name=\"your-subject\" \/><\/span>\n<\/p>\n<p>Message\n<\/p>\n<p><span class=\"wpcf7-form-control-wrap\" data-name=\"your-message\"><textarea cols=\"40\" rows=\"10\" maxlength=\"2000\" class=\"wpcf7-form-control wpcf7-textarea\" aria-invalid=\"false\" name=\"your-message\"><\/textarea><\/span>\n<\/p>\n<p><input class=\"wpcf7-form-control wpcf7-submit has-spinner\" type=\"submit\" value=\"Send\" \/>\n<\/p><p style=\"display: none !important;\" class=\"akismet-fields-container\" data-prefix=\"_wpcf7_ak_\"><label>&#916;<textarea name=\"_wpcf7_ak_hp_textarea\" cols=\"45\" rows=\"8\" maxlength=\"100\"><\/textarea><\/label><input type=\"hidden\" id=\"ak_js_1\" name=\"_wpcf7_ak_js\" value=\"55\"\/><script>document.getElementById( \"ak_js_1\" ).setAttribute( \"value\", ( new Date() ).getTime() );<\/script><\/p><div class=\"wpcf7-response-output\" aria-hidden=\"true\"><\/div>\n<\/form>\n<\/div>\n\t\t\t\t\t<\/div>\n\t\t\t\t<\/div>\n\t\t\t\t","protected":false},"excerpt":{"rendered":"<p>Contact address in Hanoi, Vietnam Trung t\u00e2m T\u01b0 v\u1ea5n Du h\u1ecdc VDWFc\/o: &nbsp;Cty TNHH C\u00f4ng ngh\u1ec7 v\u00e0 Th\u01b0\u01a1ng m\u1ea1i T.T.C.I Headquarter: C\u1ee5m C\u00f4ng nghi\u1ec7p Ng\u1ecdc Li\u1ec7p \u2013 Qu\u1ed1c Oai \u2013 H\u00e0 N\u1ed9i Transaction office: To\u00e0 nh\u00e0 17T5 Ho\u00e0ng \u0110\u1ea1o Thu\u00fd (P.204), Thanh Xu\u00e2n, H\u00e0 N\u1ed9i Headquarter Phone numbers: Tel.1: +84 (0) 24.377 614 43 Tel.2: [&hellip;]<\/p>\n","protected":false},"author":1,"featured_media":0,"parent":0,"menu_order":5,"comment_status":"closed","ping_status":"closed","template":"","meta":{"_uag_custom_page_level_css":"","pgc_sgb_lightbox_settings":"","footnotes":""},"class_list":["post-1613","page","type-page","status-publish","hentry","post"],"featured_image_src":null,"featured_image_src_square":null,"uagb_featured_image_src":{"full":false,"thumbnail":false,"medium":false,"medium_large":false,"large":false,"gs-tiny":false,"xl":false,"xxl":false,"xxxl":false,"xxxxl":false,"xxxxxl":false,"1536x1536":false,"2048x2048":false,"gb-block-post-grid-landscape":false,"gb-block-post-grid-square":false,"post-thumbnail":false,"vantage-thumbnail-no-sidebar":false,"vantage-slide":false,"vantage-carousel":false,"vantage-grid-loop":false},"uagb_author_info":{"display_name":"tuananh","author_link":"https:\/\/vdwf.org\/en\/author\/tuananh\/"},"uagb_comment_info":0,"uagb_excerpt":"Contact address in Hanoi, Vietnam Trung t\u00e2m T\u01b0 v\u1ea5n Du h\u1ecdc VDWFc\/o: &nbsp;Cty TNHH C\u00f4ng ngh\u1ec7 v\u00e0 Th\u01b0\u01a1ng m\u1ea1i T.T.C.I Headquarter: C\u1ee5m C\u00f4ng nghi\u1ec7p Ng\u1ecdc Li\u1ec7p \u2013 Qu\u1ed1c Oai \u2013 H\u00e0 N\u1ed9i Transaction office: To\u00e0 nh\u00e0 17T5 Ho\u00e0ng \u0110\u1ea1o Thu\u00fd (P.204), Thanh Xu\u00e2n, H\u00e0 N\u1ed9i Headquarter Phone numbers: Tel.1: +84 (0) 24.377 614 43 Tel.2:&hellip;","_links":{"self":[{"href":"https:\/\/vdwf.org\/en\/wp-json\/wp\/v2\/pages\/1613","targetHints":{"allow":["GET"]}}],"collection":[{"href":"https:\/\/vdwf.org\/en\/wp-json\/wp\/v2\/pages"}],"about":[{"href":"https:\/\/vdwf.org\/en\/wp-json\/wp\/v2\/types\/page"}],"author":[{"embeddable":true,"href":"https:\/\/vdwf.org\/en\/wp-json\/wp\/v2\/users\/1"}],"replies":[{"embeddable":true,"href":"https:\/\/vdwf.org\/en\/wp-json\/wp\/v2\/comments?post=1613"}],"version-history":[{"count":8,"href":"https:\/\/vdwf.org\/en\/wp-json\/wp\/v2\/pages\/1613\/revisions"}],"predecessor-version":[{"id":1628,"href":"https:\/\/vdwf.org\/en\/wp-json\/wp\/v2\/pages\/1613\/revisions\/1628"}],"wp:attachment":[{"href":"https:\/\/vdwf.org\/en\/wp-json\/wp\/v2\/media?parent=1613"}],"curies":[{"name":"wp","href":"https:\/\/api.w.org\/{rel}","templated":true}]}}