{"id":1565,"date":"2022-05-30T04:40:07","date_gmt":"2022-05-29T21:40:07","guid":{"rendered":"http:\/\/vdwf.org\/chuong-trinh-du-hoc-ptth\/"},"modified":"2022-05-30T05:28:09","modified_gmt":"2022-05-29T22:28:09","slug":"chuong-trinh-du-hoc-ptth","status":"publish","type":"page","link":"https:\/\/vdwf.org\/en\/chuong-trinh-du-hoc-ptth\/","title":{"rendered":"Ch\u01b0\u01a1ng tr\u00ecnh Du h\u1ecdc Ph\u1ed5 Th\u00f4ng Trung H\u1ecdc t\u1ea1i CHLB \u0110\u1ee9c"},"content":{"rendered":"<div id=\"pl-113\" class=\"panel-layout\">\n<div id=\"pg-113-0\" class=\"panel-grid panel-no-style\" data-style=\"{&quot;cell_alignment&quot;:&quot;flex-start&quot;,&quot;background_image_repeat&quot;:&quot;&quot;,&quot;no_margin&quot;:&quot;&quot;}\">\n<div id=\"pgc-113-0-0\" class=\"panel-grid-cell\" data-weight=\"1\">\n<div id=\"panel-113-0-0-0\" class=\"so-panel widget widget_black-studio-tinymce widget_black_studio_tinymce panel-first-child panel-last-child\" data-index=\"0\" data-style=\"{&quot;background_image_attachment&quot;:false,&quot;background_display&quot;:&quot;tile&quot;,&quot;border_color&quot;:&quot;#ffffff&quot;}\">\n<div class=\"panel-widget-style panel-widget-style-for-113-0-0-0\">\n<div class=\"textwidget\">\u0110\u01b0\u1ee3c t\u1ed5 ch\u1ee9c b\u1edfi Qu\u1ef9 du h\u1ecdc VDWF \u2013\u00a0C\u00f4ng ty H\u1ed7 tr\u1ee3 ph\u00e1t tri\u1ec3n kinh t\u1ebf \u0110\u1ee9c Vi\u1ec7t v\u00e0 c\u00e1c tr\u01b0\u1eddng PTTH Gymnasium \u0110\u1ecbnh h\u01b0\u1edbng Qu\u1ed1c t\u1ebf t\u1ea1i \u0110\u1ee9c, l\u00e0 c<span style=\"line-height: 1.428571429\">on \u0111\u01b0\u1eddng ch\u1eafc ch\u1eafn v\u00e0 ng\u1eafn nh\u1ea5t \u0111\u1ec3 v\u00e0o \u0110\u1ea1i h\u1ecdc \u0110\u1ee9c<\/span><\/p>\n<div>\n<\/div>\n<\/div>\n<\/div>\n<\/div>\n<\/div>\n<\/div>\n<div id=\"pg-113-1\" class=\"panel-grid panel-no-style\" data-style=\"{&quot;cell_alignment&quot;:&quot;flex-start&quot;,&quot;background_image_repeat&quot;:&quot;&quot;,&quot;no_margin&quot;:&quot;&quot;}\">\n<div id=\"pgc-113-1-0\" class=\"panel-grid-cell\" data-weight=\"0.33333333333333\">\n<div id=\"panel-113-1-0-0\" class=\"so-panel widget widget_circleicon-widget panel-first-child panel-last-child\" data-index=\"1\" data-style=\"{&quot;background_image_attachment&quot;:false,&quot;background_display&quot;:&quot;tile&quot;}\">[siteorigin_widget class=&#8221;Vantage_CircleIcon_Widget&#8221;][\/siteorigin_widget]<\/div>\n<\/div>\n<div id=\"pgc-113-1-1\" class=\"panel-grid-cell\" data-weight=\"0.33284885349106\">\n<div id=\"panel-113-1-1-0\" class=\"so-panel widget widget_circleicon-widget panel-first-child panel-last-child\" data-index=\"2\" data-style=\"{&quot;background_image_attachment&quot;:false,&quot;background_display&quot;:&quot;tile&quot;}\">[siteorigin_widget class=&#8221;Vantage_CircleIcon_Widget&#8221;][\/siteorigin_widget]<\/div>\n<\/div>\n<div id=\"pgc-113-1-2\" class=\"panel-grid-cell\" data-weight=\"0.33381781317561\">\n<div id=\"panel-113-1-2-0\" class=\"so-panel widget widget_circleicon-widget panel-first-child panel-last-child\" data-index=\"3\" data-style=\"{&quot;background_image_attachment&quot;:false,&quot;background_display&quot;:&quot;tile&quot;}\">[siteorigin_widget class=&#8221;Vantage_CircleIcon_Widget&#8221;][\/siteorigin_widget]<\/div>\n<\/div>\n<\/div>\n<div id=\"pg-113-2\" class=\"panel-grid panel-no-style\" data-style=\"{&quot;cell_alignment&quot;:&quot;flex-start&quot;,&quot;background_image_repeat&quot;:&quot;&quot;,&quot;no_margin&quot;:&quot;&quot;}\">\n<div id=\"pgc-113-2-0\" class=\"panel-grid-cell\" data-weight=\"0.33333333333333\">\n<div id=\"panel-113-2-0-0\" class=\"so-panel widget widget_circleicon-widget panel-first-child panel-last-child\" data-index=\"4\" data-style=\"{&quot;background_image_attachment&quot;:false,&quot;background_display&quot;:&quot;tile&quot;}\">[siteorigin_widget class=&#8221;Vantage_CircleIcon_Widget&#8221;][\/siteorigin_widget]<\/div>\n<\/div>\n<div id=\"pgc-113-2-1\" class=\"panel-grid-cell\" data-weight=\"0.33284885349106\">\n<div id=\"panel-113-2-1-0\" class=\"so-panel widget widget_circleicon-widget panel-first-child panel-last-child\" data-index=\"5\" data-style=\"{&quot;background_image_attachment&quot;:false,&quot;background_display&quot;:&quot;tile&quot;}\">[siteorigin_widget class=&#8221;Vantage_CircleIcon_Widget&#8221;][\/siteorigin_widget]<\/div>\n<\/div>\n<div id=\"pgc-113-2-2\" class=\"panel-grid-cell\" data-weight=\"0.33381781317561\">\n<div id=\"panel-113-2-2-0\" class=\"so-panel widget widget_circleicon-widget panel-first-child panel-last-child\" data-index=\"6\" data-style=\"{&quot;background_image_attachment&quot;:false,&quot;background_display&quot;:&quot;tile&quot;}\">[siteorigin_widget class=&#8221;Vantage_CircleIcon_Widget&#8221;][\/siteorigin_widget]<\/div>\n<\/div>\n<\/div>\n<div id=\"pg-113-3\" class=\"panel-grid panel-no-style\" data-style=\"{&quot;cell_alignment&quot;:&quot;flex-start&quot;,&quot;background_image_repeat&quot;:&quot;&quot;,&quot;no_margin&quot;:&quot;&quot;}\">\n<div id=\"pgc-113-3-0\" class=\"panel-grid-cell panel-grid-cell-empty\" data-weight=\"0.33333333333333\"><\/div>\n<div id=\"pgc-113-3-1\" class=\"panel-grid-cell panel-grid-cell-mobile-last\" data-weight=\"0.33284885349106\">\n<div id=\"panel-113-3-1-0\" class=\"so-panel widget widget_circleicon-widget panel-first-child panel-last-child\" data-index=\"7\" data-style=\"{&quot;background_image_attachment&quot;:false,&quot;background_display&quot;:&quot;tile&quot;}\">[siteorigin_widget class=&#8221;Vantage_CircleIcon_Widget&#8221;][\/siteorigin_widget]<\/div>\n<\/div>\n<div id=\"pgc-113-3-2\" class=\"panel-grid-cell panel-grid-cell-empty\" data-weight=\"0.33381781317561\"><\/div>\n<\/div>\n<div id=\"pg-113-4\" class=\"panel-grid panel-no-style\" data-style=\"{&quot;cell_alignment&quot;:&quot;flex-start&quot;,&quot;background_image_repeat&quot;:&quot;&quot;,&quot;no_margin&quot;:&quot;&quot;}\" data-ratio=\"1\" data-ratio-direction=\"right\">\n<div id=\"pgc-113-4-0\" class=\"panel-grid-cell\" data-weight=\"1\">\n<div id=\"panel-113-4-0-0\" class=\"so-panel widget widget_black-studio-tinymce widget_black_studio_tinymce panel-first-child panel-last-child\" data-index=\"8\" data-style=\"{&quot;background_image_attachment&quot;:false,&quot;background_display&quot;:&quot;tile&quot;}\">\n<div class=\"textwidget\"><strong><span style=\"font-size: 14pt\">C\u00e1c ti\u00eau chu\u1ea9n c\u1ea7n thi\u1ebft \u0111\u1ec3 du h\u1ecdc PTTH t\u1ea1i CHLB \u0110\u1ee9c<\/span><\/strong><\/p>\n<ul>\n<li>C\u00e1c em ph\u1ea3i\u00a0h\u1ecdc\u00a0xong l\u1edbp 9 v\u1edbi k\u1ebft qu\u1ea3 kh\u00e1 gi\u1ecfi (ch\u1ee7 y\u1ebfu xem x\u00e9t c\u00e1c m\u00f4n khoa\u00a0h\u1ecdc\u00a0t\u1ef1 nhi\u00ean)<\/li>\n<li>Trong\u00a0ch\u01b0\u01a1ng\u00a0tr\u00ecnh\u00a0h\u1ecdc\u00a0\u1edf Vi\u1ec7t nam c\u00f3 m\u00f4n ti\u1ebfng Anh<\/li>\n<li>Ch\u0103m ch\u1ec9\u00a0h\u1ecdc\u00a0t\u1eadp, t\u01b0 c\u00e1ch \u0111\u1ea1o\u00a0\u0111\u1ee9c\u00a0t\u1ed1t.<\/li>\n<li>\u01afu ti\u00ean\u00a0h\u1ecdc\u00a0sinh bi\u1ebft ti\u1ebfng\u00a0\u0110\u1ee9c<\/li>\n<li style=\"text-align: justify;background: white\">Gia \u0111\u00ecnh c\u00f3 \u0111i\u1ec1u ki\u1ec7n t\u00e0i ch\u00ednh \u0111\u1ea3m b\u1ea3o cho chi ph\u00ed\u00a0h\u1ecdc\u00a0t\u1eadp sinh ho\u1ea1t c\u1ee7a\u00a0h\u1ecdc\u00a0sinh<\/li>\n<\/ul>\n<p>C\u00e1c em c\u00f3 th\u1ec3 \u0111\u0103ng k\u00fd tham gia ch\u01b0\u01a1ng tr\u00ecnh <a href=\"http:\/\/vdwf.org\/wp-content\/uploads\/2018\/10\/Registration-form_vn.doc\">theo m\u1eabu<\/a>\u00a0v\u00e0 g\u1eedi v\u1ec1 h\u00f2m mail c\u1ee7a v\u0103n ph\u00f2ng.<\/p>\n<\/div>\n<\/div>\n<\/div>\n<\/div>\n<div id=\"pg-113-5\" class=\"panel-grid panel-no-style\" data-style=\"{&quot;cell_alignment&quot;:&quot;flex-start&quot;,&quot;background_image_repeat&quot;:&quot;&quot;,&quot;no_margin&quot;:&quot;&quot;}\" data-ratio=\"1\" data-ratio-direction=\"right\">\n<div id=\"pgc-113-5-0\" class=\"panel-grid-cell\" data-weight=\"1\">\n<div id=\"panel-113-5-0-0\" class=\"so-panel widget widget_black-studio-tinymce widget_black_studio_tinymce panel-first-child panel-last-child\" data-index=\"9\" data-style=\"{&quot;background_image_attachment&quot;:false,&quot;background_display&quot;:&quot;tile&quot;}\">\n<div class=\"textwidget\"><span style=\"font-size: 14pt\"><strong>C\u00e1c b\u1ea1n ch\u00fa \u00fd \u0111\u1ebfn ch\u01b0\u01a1ng tr\u00ecnh du h\u1ecdc PTTH c\u1ee7a ch\u00fang t\u00f4i?<\/strong><\/span><\/p>\n<p>H\u00e3y \u0111\u1eb7t t\u1ea5t c\u1ea3 c\u00e1c c\u00e2u h\u1ecfi v\u1ec1 c\u00e1c v\u1ea5n \u0111\u1ec1 m\u00e0 c\u00e1c b\u1ea1n ch\u01b0a hi\u1ec3u. Ch\u00fang t\u00f4i th\u1ef1c s\u1ef1 mong ch\u1edd tr\u1ea3 l\u1eddi t\u1ea5t c\u1ea3 c\u00e1c c\u00e2u h\u1ecfi c\u1ee7a c\u00e1c b\u1ea1n.<\/p>\n\n<div class=\"wpcf7 no-js\" id=\"wpcf7-f254-o1\" lang=\"en-US\" dir=\"ltr\" data-wpcf7-id=\"254\">\n<div class=\"screen-reader-response\"><p role=\"status\" aria-live=\"polite\" aria-atomic=\"true\"><\/p> <ul><\/ul><\/div>\n<form action=\"\/en\/wp-json\/wp\/v2\/pages\/1565#wpcf7-f254-o1\" method=\"post\" class=\"wpcf7-form init\" aria-label=\"Contact form\" novalidate=\"novalidate\" data-status=\"init\">\n<fieldset class=\"hidden-fields-container\"><input type=\"hidden\" name=\"_wpcf7\" value=\"254\" \/><input type=\"hidden\" name=\"_wpcf7_version\" value=\"6.1.5\" \/><input type=\"hidden\" name=\"_wpcf7_locale\" value=\"en_US\" \/><input type=\"hidden\" name=\"_wpcf7_unit_tag\" value=\"wpcf7-f254-o1\" \/><input type=\"hidden\" name=\"_wpcf7_container_post\" value=\"0\" \/><input type=\"hidden\" name=\"_wpcf7_posted_data_hash\" value=\"\" \/>\n<\/fieldset>\n<p> H\u1ecd v\u00e0 T\u00ean (c\u1ea7n thi\u1ebft)\n<\/p>\n<p><span class=\"wpcf7-form-control-wrap\" data-name=\"your-name\"><input size=\"40\" maxlength=\"400\" class=\"wpcf7-form-control wpcf7-text wpcf7-validates-as-required\" aria-required=\"true\" aria-invalid=\"false\" value=\"\" type=\"text\" name=\"your-name\" \/><\/span>\n<\/p>\n<p>\u0110\u1ecba ch\u1ec9 Email (c\u1ea7n thi\u1ebft)\n<\/p>\n<p><span class=\"wpcf7-form-control-wrap\" data-name=\"your-email\"><input size=\"40\" maxlength=\"400\" class=\"wpcf7-form-control wpcf7-email wpcf7-validates-as-required wpcf7-text wpcf7-validates-as-email\" aria-required=\"true\" aria-invalid=\"false\" value=\"\" type=\"email\" name=\"your-email\" \/><\/span>\n<\/p>\n<p>Ti\u00eau \u0110\u1ec1 (c\u1ea7n thi\u1ebft)\n<\/p>\n<p><span class=\"wpcf7-form-control-wrap\" data-name=\"your-subject\"><input size=\"40\" maxlength=\"400\" class=\"wpcf7-form-control wpcf7-text wpcf7-validates-as-required\" aria-required=\"true\" aria-invalid=\"false\" value=\"\" type=\"text\" name=\"your-subject\" \/><\/span>\n<\/p>\n<p>Tin Nh\u1eafn\n<\/p>\n<p><span class=\"wpcf7-form-control-wrap\" data-name=\"your-message\"><textarea cols=\"40\" rows=\"10\" maxlength=\"2000\" class=\"wpcf7-form-control wpcf7-textarea\" aria-invalid=\"false\" name=\"your-message\"><\/textarea><\/span>\n<\/p>\n<p><input class=\"wpcf7-form-control wpcf7-submit has-spinner\" type=\"submit\" value=\"G\u1eedi\" \/>\n<\/p><p style=\"display: none !important;\" class=\"akismet-fields-container\" data-prefix=\"_wpcf7_ak_\"><label>&#916;<textarea name=\"_wpcf7_ak_hp_textarea\" cols=\"45\" rows=\"8\" maxlength=\"100\"><\/textarea><\/label><input type=\"hidden\" id=\"ak_js_1\" name=\"_wpcf7_ak_js\" value=\"140\"\/><script>document.getElementById( \"ak_js_1\" ).setAttribute( \"value\", ( new Date() ).getTime() );<\/script><\/p><div class=\"wpcf7-response-output\" aria-hidden=\"true\"><\/div>\n<\/form>\n<\/div>\n\n<\/div>\n<\/div>\n<\/div>\n<\/div>\n<\/div>\n","protected":false},"excerpt":{"rendered":"<p>\u0110\u01b0\u1ee3c t\u1ed5 ch\u1ee9c b\u1edfi Qu\u1ef9 du h\u1ecdc VDWF \u2013\u00a0C\u00f4ng ty H\u1ed7 tr\u1ee3 ph\u00e1t tri\u1ec3n kinh t\u1ebf \u0110\u1ee9c Vi\u1ec7t v\u00e0 c\u00e1c tr\u01b0\u1eddng PTTH Gymnasium \u0110\u1ecbnh h\u01b0\u1edbng Qu\u1ed1c t\u1ebf t\u1ea1i \u0110\u1ee9c, l\u00e0 con \u0111\u01b0\u1eddng ch\u1eafc ch\u1eafn v\u00e0 ng\u1eafn nh\u1ea5t \u0111\u1ec3 v\u00e0o \u0110\u1ea1i h\u1ecdc \u0110\u1ee9c [siteorigin_widget class=&#8221;Vantage_CircleIcon_Widget&#8221;][\/siteorigin_widget] [siteorigin_widget class=&#8221;Vantage_CircleIcon_Widget&#8221;][\/siteorigin_widget] [siteorigin_widget class=&#8221;Vantage_CircleIcon_Widget&#8221;][\/siteorigin_widget] [siteorigin_widget class=&#8221;Vantage_CircleIcon_Widget&#8221;][\/siteorigin_widget] [siteorigin_widget class=&#8221;Vantage_CircleIcon_Widget&#8221;][\/siteorigin_widget] [siteorigin_widget class=&#8221;Vantage_CircleIcon_Widget&#8221;][\/siteorigin_widget] [siteorigin_widget [&hellip;]<\/p>\n","protected":false},"author":2,"featured_media":0,"parent":0,"menu_order":0,"comment_status":"closed","ping_status":"open","template":"","meta":{"_uag_custom_page_level_css":"","pgc_sgb_lightbox_settings":"","footnotes":""},"class_list":["post-1565","page","type-page","status-publish","hentry","post"],"featured_image_src":null,"featured_image_src_square":null,"uagb_featured_image_src":{"full":false,"thumbnail":false,"medium":false,"medium_large":false,"large":false,"gs-tiny":false,"xl":false,"xxl":false,"xxxl":false,"xxxxl":false,"xxxxxl":false,"1536x1536":false,"2048x2048":false,"gb-block-post-grid-landscape":false,"gb-block-post-grid-square":false,"post-thumbnail":false,"vantage-thumbnail-no-sidebar":false,"vantage-slide":false,"vantage-carousel":false,"vantage-grid-loop":false},"uagb_author_info":{"display_name":"sontung","author_link":"https:\/\/vdwf.org\/en\/author\/sontung\/"},"uagb_comment_info":0,"uagb_excerpt":"\u0110\u01b0\u1ee3c t\u1ed5 ch\u1ee9c b\u1edfi Qu\u1ef9 du h\u1ecdc VDWF \u2013\u00a0C\u00f4ng ty H\u1ed7 tr\u1ee3 ph\u00e1t tri\u1ec3n kinh t\u1ebf \u0110\u1ee9c Vi\u1ec7t v\u00e0 c\u00e1c tr\u01b0\u1eddng PTTH Gymnasium \u0110\u1ecbnh h\u01b0\u1edbng Qu\u1ed1c t\u1ebf t\u1ea1i \u0110\u1ee9c, l\u00e0 con \u0111\u01b0\u1eddng ch\u1eafc ch\u1eafn v\u00e0 ng\u1eafn nh\u1ea5t \u0111\u1ec3 v\u00e0o \u0110\u1ea1i h\u1ecdc \u0110\u1ee9c [siteorigin_widget class=&#8221;Vantage_CircleIcon_Widget&#8221;][\/siteorigin_widget] [siteorigin_widget class=&#8221;Vantage_CircleIcon_Widget&#8221;][\/siteorigin_widget] [siteorigin_widget class=&#8221;Vantage_CircleIcon_Widget&#8221;][\/siteorigin_widget] [siteorigin_widget class=&#8221;Vantage_CircleIcon_Widget&#8221;][\/siteorigin_widget] [siteorigin_widget class=&#8221;Vantage_CircleIcon_Widget&#8221;][\/siteorigin_widget] [siteorigin_widget class=&#8221;Vantage_CircleIcon_Widget&#8221;][\/siteorigin_widget] [siteorigin_widget&hellip;","_links":{"self":[{"href":"https:\/\/vdwf.org\/en\/wp-json\/wp\/v2\/pages\/1565","targetHints":{"allow":["GET"]}}],"collection":[{"href":"https:\/\/vdwf.org\/en\/wp-json\/wp\/v2\/pages"}],"about":[{"href":"https:\/\/vdwf.org\/en\/wp-json\/wp\/v2\/types\/page"}],"author":[{"embeddable":true,"href":"https:\/\/vdwf.org\/en\/wp-json\/wp\/v2\/users\/2"}],"replies":[{"embeddable":true,"href":"https:\/\/vdwf.org\/en\/wp-json\/wp\/v2\/comments?post=1565"}],"version-history":[{"count":4,"href":"https:\/\/vdwf.org\/en\/wp-json\/wp\/v2\/pages\/1565\/revisions"}],"predecessor-version":[{"id":1936,"href":"https:\/\/vdwf.org\/en\/wp-json\/wp\/v2\/pages\/1565\/revisions\/1936"}],"wp:attachment":[{"href":"https:\/\/vdwf.org\/en\/wp-json\/wp\/v2\/media?parent=1565"}],"curies":[{"name":"wp","href":"https:\/\/api.w.org\/{rel}","templated":true}]}}